{"id":3438,"date":"2016-06-15T02:05:11","date_gmt":"2016-06-15T00:05:11","guid":{"rendered":"https:\/\/janulkowedomki.pl\/rezerwacja\/"},"modified":"2023-02-08T15:58:22","modified_gmt":"2023-02-08T14:58:22","slug":"foglalasi","status":"publish","type":"page","link":"https:\/\/janulkowedomki.pl\/hu\/foglalasi\/","title":{"rendered":"Online foglal\u00e1si panel"},"content":{"rendered":"<div class=\"wpb-content-wrapper\"><p>[vc_row rt_row_background_width=&#8221;fullwidth&#8221; rt_row_content_width=&#8221;default&#8221; rt_row_style=&#8221;default-style&#8221; rt_row_height=&#8221;full_height&#8221; rt_holder_placement=&#8221;middle&#8221; rt_column_placement=&#8221;middle&#8221; rt_row_borders=&#8221;&#8221; rt_row_shadows=&#8221;&#8221; rt_column_gaps=&#8221;&#8221; rt_row_paddings=&#8221;true&#8221; rt_bg_effect=&#8221;classic&#8221; rt_transparent_bg=&#8221;&#8221; rt_bg_image_repeat=&#8221;no-repeat&#8221; rt_bg_size=&#8221;cover&#8221; rt_bg_position=&#8221;center center&#8221; rt_bg_attachment=&#8221;scroll&#8221; rt_bg_video_format=&#8221;self-hosted&#8221; rt_bg_image=&#8221;3206&#8243; rt_padding_top=&#8221;100&#8243; rt_padding_bottom=&#8221;100&#8243; rt_bg_overlay_color=&#8221;rgba(0,0,0,0.15)&#8221;][vc_column rt_col_paddings=&#8221;true&#8221; rt_wrp_col_paddings=&#8221;true&#8221; rt_column_shadow=&#8221;&#8221; rt_border_top=&#8221;&#8221; rt_border_bottom=&#8221;&#8221; rt_border_left=&#8221;&#8221; rt_border_right=&#8221;&#8221; rt_border_top_mobile=&#8221;&#8221; rt_border_bottom_mobile=&#8221;&#8221; rt_border_left_mobile=&#8221;&#8221; rt_border_right_mobile=&#8221;&#8221; rt_bg_holder=&#8221;wrapper&#8221; rt_bg_image_repeat=&#8221;repeat&#8221; rt_bg_size=&#8221;auto auto&#8221; rt_bg_position=&#8221;right top&#8221; rt_bg_attachment=&#8221;scroll&#8221; rt_bg_color=&#8221;#ffffff&#8221; rt_bg_overlay_color=&#8221;&#8221; rt_wrp_padding_top=&#8221;80&#8243; rt_wrp_padding_bottom=&#8221;80&#8243; rt_wrp_padding_left=&#8221;40&#8243; rt_wrp_padding_right=&#8221;40&#8243;]<div class=\"rt_heading_wrapper style-3\">\n\t\t\t\t\t\t<h1 class=\"rt_heading  style-3\" > Kiad\u00f3 nyaral\u00f3k Zakopane, foglaljon online<\/h1> \n\t\t\t\t\t<\/div><div class=\"rt_heading_wrapper style-3\">\n\t\t\t\t\t\t<h3 class=\"rt_heading  style-3\" >Online foglal\u00e1si panel &#8211; ENGLISH ONLY<\/h3> \n\t\t\t\t\t<\/div>[vc_empty_space height=&#8221;50px&#8221;][vc_raw_html]JTNDc2NyaXB0JTIwc3JjJTNEJTIyaHR0cHMlM0ElMkYlMkZhamF4Lmdvb2dsZWFwaXMuY29tJTJGYWpheCUyRmxpYnMlMkZqcXVlcnklMkYzLjIuMSUyRmpxdWVyeS5taW4uanMlMjIlM0UlMjAlM0MlMkZzY3JpcHQlM0UlMEElM0NzY3JpcHQlMjB0eXBlJTNEJTIydGV4dCUyRmphdmFzY3JpcHQlMjIlMjBzcmMlM0QlMjJodHRwcyUzQSUyRiUyRnBhbmVsLmhvdHJlcy5wbCUyRnB1YmxpYyUyRmFwaSUyRmhvdHJlc192NC5qcyUyMiUzRSUzQyUyRnNjcmlwdCUzRSUwQSUzQ2RpdiUyMGlkJTNEJTIyaG90cmVzQ29udGFpbmVyJTIyJTNFJTNDJTJGZGl2JTNFJTBBJTNDc2NyaXB0JTNFJTBBd2luZG93LmFkZEV2ZW50TGlzdGVuZXIlMjglMjdsb2FkJTI3JTJDJTIwJTI4ZXZlbnQlMjklMjAlM0QlM0UlMjAlMEElN0IlMEFjcmVhdGVIb3RyZXMlMjglN0IlMjJvaWQlMjIlM0EyMDc1JTJDJTIybGFuZyUyMiUzQSUyMmVuJTIyJTdEJTI5JTNCJTBBJTdEJTI5JTNCJTBBJTNDJTJGc2NyaXB0JTNF[\/vc_raw_html][\/vc_column][\/vc_row]<\/p>\n<\/div>","protected":false},"excerpt":{"rendered":"<p>[vc_row rt_row_background_width=&#8221;fullwidth&#8221; rt_row_content_width=&#8221;default&#8221; rt_row_style=&#8221;default-style&#8221; rt_row_height=&#8221;full_height&#8221; rt_holder_placement=&#8221;middle&#8221; rt_column_placement=&#8221;middle&#8221; rt_row_borders=&#8221;&#8221; rt_row_shadows=&#8221;&#8221; rt_column_gaps=&#8221;&#8221; rt_row_paddings=&#8221;true&#8221; rt_bg_effect=&#8221;classic&#8221; rt_transparent_bg=&#8221;&#8221; rt_bg_image_repeat=&#8221;no-repeat&#8221; rt_bg_size=&#8221;cover&#8221; rt_bg_position=&#8221;center center&#8221; rt_bg_attachment=&#8221;scroll&#8221; rt_bg_video_format=&#8221;self-hosted&#8221; rt_bg_image=&#8221;3206&#8243; rt_padding_top=&#8221;100&#8243; rt_padding_bottom=&#8221;100&#8243; rt_bg_overlay_color=&#8221;rgba(0,0,0,0.15)&#8221;][vc_column rt_col_paddings=&#8221;true&#8221; rt_wrp_col_paddings=&#8221;true&#8221; rt_column_shadow=&#8221;&#8221; rt_border_top=&#8221;&#8221; rt_border_bottom=&#8221;&#8221; rt_border_left=&#8221;&#8221; rt_border_right=&#8221;&#8221; rt_border_top_mobile=&#8221;&#8221; rt_border_bottom_mobile=&#8221;&#8221; rt_border_left_mobile=&#8221;&#8221; rt_border_right_mobile=&#8221;&#8221; rt_bg_holder=&#8221;wrapper&#8221; rt_bg_image_repeat=&#8221;repeat&#8221; rt_bg_size=&#8221;auto auto&#8221; rt_bg_position=&#8221;right top&#8221; rt_bg_attachment=&#8221;scroll&#8221; rt_bg_color=&#8221;#ffffff&#8221; rt_bg_overlay_color=&#8221;&#8221; rt_wrp_padding_top=&#8221;80&#8243; rt_wrp_padding_bottom=&#8221;80&#8243; rt_wrp_padding_left=&#8221;40&#8243; rt_wrp_padding_right=&#8221;40&#8243;][vc_empty_space height=&#8221;50px&#8221;][vc_raw_html]JTNDc2NyaXB0JTIwc3JjJTNEJTIyaHR0cHMlM0ElMkYlMkZhamF4Lmdvb2dsZWFwaXMuY29tJTJGYWpheCUyRmxpYnMlMkZqcXVlcnklMkYzLjIuMSUyRmpxdWVyeS5taW4uanMlMjIlM0UlMjAlM0MlMkZzY3JpcHQlM0UlMEElM0NzY3JpcHQlMjB0eXBlJTNEJTIydGV4dCUyRmphdmFzY3JpcHQlMjIlMjBzcmMlM0QlMjJodHRwcyUzQSUyRiUyRnBhbmVsLmhvdHJlcy5wbCUyRnB1YmxpYyUyRmFwaSUyRmhvdHJlc192NC5qcyUyMiUzRSUzQyUyRnNjcmlwdCUzRSUwQSUzQ2RpdiUyMGlkJTNEJTIyaG90cmVzQ29udGFpbmVyJTIyJTNFJTNDJTJGZGl2JTNFJTBBJTNDc2NyaXB0JTNFJTBBd2luZG93LmFkZEV2ZW50TGlzdGVuZXIlMjglMjdsb2FkJTI3JTJDJTIwJTI4ZXZlbnQlMjklMjAlM0QlM0UlMjAlMEElN0IlMEFjcmVhdGVIb3RyZXMlMjglN0IlMjJvaWQlMjIlM0EyMDc1JTJDJTIybGFuZyUyMiUzQSUyMmVuJTIyJTdEJTI5JTNCJTBBJTdEJTI5JTNCJTBBJTNDJTJGc2NyaXB0JTNF[\/vc_raw_html][\/vc_column][\/vc_row&#8230; <a class=\"more-link\" href=\"https:\/\/janulkowedomki.pl\/hu\/foglalasi\/\">Continue reading<\/a><\/p>\n","protected":false},"author":1,"featured_media":0,"parent":0,"menu_order":0,"comment_status":"closed","ping_status":"closed","template":"","meta":{"footnotes":""},"class_list":["post-3438","page","type-page","status-publish","hentry"],"yoast_head":"<!-- This site is optimized with the Yoast SEO plugin v27.1.1 - https:\/\/yoast.com\/product\/yoast-seo-wordpress\/ -->\n<title>Foglal\u00e1si - Kiad\u00f3 nyaral\u00f3k Zakopane, foglaljon online<\/title>\n<meta name=\"description\" content=\"Zakopane-i nyaral\u00f3k b\u00e9relhet\u0151ek a nyaralni v\u00e1gy\u00f3k sz\u00e1m\u00e1ra. Foglalja le nyaral\u00f3j\u00e1t Zakopan\u00e9ban az interneten kereszt\u00fcl\" \/>\n<meta name=\"robots\" content=\"index, follow, max-snippet:-1, max-image-preview:large, max-video-preview:-1\" \/>\n<link rel=\"canonical\" href=\"https:\/\/janulkowedomki.pl\/hu\/foglalasi\/\" \/>\n<meta property=\"og:locale\" content=\"hu_HU\" \/>\n<meta property=\"og:type\" content=\"article\" \/>\n<meta property=\"og:title\" content=\"Foglal\u00e1si - Kiad\u00f3 nyaral\u00f3k Zakopane, foglaljon online\" \/>\n<meta property=\"og:description\" content=\"Zakopane-i nyaral\u00f3k b\u00e9relhet\u0151ek a nyaralni v\u00e1gy\u00f3k sz\u00e1m\u00e1ra. Foglalja le nyaral\u00f3j\u00e1t Zakopan\u00e9ban az interneten kereszt\u00fcl\" \/>\n<meta property=\"og:url\" content=\"https:\/\/janulkowedomki.pl\/hu\/foglalasi\/\" \/>\n<meta property=\"og:site_name\" content=\"Janulkowe Domki - Zakopane g\u00f3ralskie domki z bali\" \/>\n<meta property=\"article:publisher\" content=\"https:\/\/www.facebook.com\/profile.php?id=100052847351466\" \/>\n<meta property=\"article:modified_time\" content=\"2023-02-08T14:58:22+00:00\" \/>\n<meta property=\"og:image\" content=\"https:\/\/i0.wp.com\/janulkowedomki.pl\/wp-content\/uploads\/2023\/04\/IMG_20230423_140131-scaled.jpg?fit=1920%2C1385&ssl=1\" \/>\n\t<meta property=\"og:image:width\" content=\"1920\" \/>\n\t<meta property=\"og:image:height\" content=\"1385\" \/>\n\t<meta property=\"og:image:type\" content=\"image\/jpeg\" \/>\n<meta name=\"twitter:card\" content=\"summary_large_image\" \/>\n<meta name=\"twitter:label1\" content=\"Becs\u00fclt olvas\u00e1si id\u0151\" \/>\n\t<meta name=\"twitter:data1\" content=\"1 perc\" \/>\n<script type=\"application\/ld+json\" class=\"yoast-schema-graph\">{\"@context\":\"https:\/\/schema.org\",\"@graph\":[{\"@type\":\"WebPage\",\"@id\":\"https:\/\/janulkowedomki.pl\/hu\/foglalasi\/\",\"url\":\"https:\/\/janulkowedomki.pl\/hu\/foglalasi\/\",\"name\":\"Foglal\u00e1si - Kiad\u00f3 nyaral\u00f3k Zakopane, foglaljon online\",\"isPartOf\":{\"@id\":\"https:\/\/janulkowedomki.pl\/#website\"},\"datePublished\":\"2016-06-15T00:05:11+00:00\",\"dateModified\":\"2023-02-08T14:58:22+00:00\",\"description\":\"Zakopane-i nyaral\u00f3k b\u00e9relhet\u0151ek a nyaralni v\u00e1gy\u00f3k sz\u00e1m\u00e1ra. Foglalja le nyaral\u00f3j\u00e1t Zakopan\u00e9ban az interneten kereszt\u00fcl\",\"breadcrumb\":{\"@id\":\"https:\/\/janulkowedomki.pl\/hu\/foglalasi\/#breadcrumb\"},\"inLanguage\":\"hu\",\"potentialAction\":[{\"@type\":\"ReadAction\",\"target\":[\"https:\/\/janulkowedomki.pl\/hu\/foglalasi\/\"]}]},{\"@type\":\"BreadcrumbList\",\"@id\":\"https:\/\/janulkowedomki.pl\/hu\/foglalasi\/#breadcrumb\",\"itemListElement\":[{\"@type\":\"ListItem\",\"position\":1,\"name\":\"Home\",\"item\":\"https:\/\/janulkowedomki.pl\/hu\/\"},{\"@type\":\"ListItem\",\"position\":2,\"name\":\"Online foglal\u00e1si panel\"}]},{\"@type\":\"WebSite\",\"@id\":\"https:\/\/janulkowedomki.pl\/#website\",\"url\":\"https:\/\/janulkowedomki.pl\/\",\"name\":\"Janulkowe Domki Zakopane - G\u00f3ralskie domki w Zakopanem\",\"description\":\"\",\"publisher\":{\"@id\":\"https:\/\/janulkowedomki.pl\/#organization\"},\"potentialAction\":[{\"@type\":\"SearchAction\",\"target\":{\"@type\":\"EntryPoint\",\"urlTemplate\":\"https:\/\/janulkowedomki.pl\/?s={search_term_string}\"},\"query-input\":{\"@type\":\"PropertyValueSpecification\",\"valueRequired\":true,\"valueName\":\"search_term_string\"}}],\"inLanguage\":\"hu\"},{\"@type\":\"Organization\",\"@id\":\"https:\/\/janulkowedomki.pl\/#organization\",\"name\":\"Janulkowe Domki\",\"url\":\"https:\/\/janulkowedomki.pl\/\",\"logo\":{\"@type\":\"ImageObject\",\"inLanguage\":\"hu\",\"@id\":\"https:\/\/janulkowedomki.pl\/#\/schema\/logo\/image\/\",\"url\":\"https:\/\/janulkowedomki.pl\/wp-content\/uploads\/2023\/02\/cropped-android-chrome-512x512-1-2.png\",\"contentUrl\":\"https:\/\/janulkowedomki.pl\/wp-content\/uploads\/2023\/02\/cropped-android-chrome-512x512-1-2.png\",\"width\":512,\"height\":512,\"caption\":\"Janulkowe Domki\"},\"image\":{\"@id\":\"https:\/\/janulkowedomki.pl\/#\/schema\/logo\/image\/\"},\"sameAs\":[\"https:\/\/www.facebook.com\/profile.php?id=100052847351466\",\"https:\/\/www.instagram.com\/janulkowedomki\/\"]}]}<\/script>\n<!-- \/ Yoast SEO plugin. -->","yoast_head_json":{"title":"Foglal\u00e1si - Kiad\u00f3 nyaral\u00f3k Zakopane, foglaljon online","description":"Zakopane-i nyaral\u00f3k b\u00e9relhet\u0151ek a nyaralni v\u00e1gy\u00f3k sz\u00e1m\u00e1ra. Foglalja le nyaral\u00f3j\u00e1t Zakopan\u00e9ban az interneten kereszt\u00fcl","robots":{"index":"index","follow":"follow","max-snippet":"max-snippet:-1","max-image-preview":"max-image-preview:large","max-video-preview":"max-video-preview:-1"},"canonical":"https:\/\/janulkowedomki.pl\/hu\/foglalasi\/","og_locale":"hu_HU","og_type":"article","og_title":"Foglal\u00e1si - Kiad\u00f3 nyaral\u00f3k Zakopane, foglaljon online","og_description":"Zakopane-i nyaral\u00f3k b\u00e9relhet\u0151ek a nyaralni v\u00e1gy\u00f3k sz\u00e1m\u00e1ra. Foglalja le nyaral\u00f3j\u00e1t Zakopan\u00e9ban az interneten kereszt\u00fcl","og_url":"https:\/\/janulkowedomki.pl\/hu\/foglalasi\/","og_site_name":"Janulkowe Domki - Zakopane g\u00f3ralskie domki z bali","article_publisher":"https:\/\/www.facebook.com\/profile.php?id=100052847351466","article_modified_time":"2023-02-08T14:58:22+00:00","og_image":[{"width":1920,"height":1385,"url":"https:\/\/i0.wp.com\/janulkowedomki.pl\/wp-content\/uploads\/2023\/04\/IMG_20230423_140131-scaled.jpg?fit=1920%2C1385&ssl=1","type":"image\/jpeg"}],"twitter_card":"summary_large_image","twitter_misc":{"Becs\u00fclt olvas\u00e1si id\u0151":"1 perc"},"schema":{"@context":"https:\/\/schema.org","@graph":[{"@type":"WebPage","@id":"https:\/\/janulkowedomki.pl\/hu\/foglalasi\/","url":"https:\/\/janulkowedomki.pl\/hu\/foglalasi\/","name":"Foglal\u00e1si - Kiad\u00f3 nyaral\u00f3k Zakopane, foglaljon online","isPartOf":{"@id":"https:\/\/janulkowedomki.pl\/#website"},"datePublished":"2016-06-15T00:05:11+00:00","dateModified":"2023-02-08T14:58:22+00:00","description":"Zakopane-i nyaral\u00f3k b\u00e9relhet\u0151ek a nyaralni v\u00e1gy\u00f3k sz\u00e1m\u00e1ra. Foglalja le nyaral\u00f3j\u00e1t Zakopan\u00e9ban az interneten kereszt\u00fcl","breadcrumb":{"@id":"https:\/\/janulkowedomki.pl\/hu\/foglalasi\/#breadcrumb"},"inLanguage":"hu","potentialAction":[{"@type":"ReadAction","target":["https:\/\/janulkowedomki.pl\/hu\/foglalasi\/"]}]},{"@type":"BreadcrumbList","@id":"https:\/\/janulkowedomki.pl\/hu\/foglalasi\/#breadcrumb","itemListElement":[{"@type":"ListItem","position":1,"name":"Home","item":"https:\/\/janulkowedomki.pl\/hu\/"},{"@type":"ListItem","position":2,"name":"Online foglal\u00e1si panel"}]},{"@type":"WebSite","@id":"https:\/\/janulkowedomki.pl\/#website","url":"https:\/\/janulkowedomki.pl\/","name":"Janulkowe Domki Zakopane - G\u00f3ralskie domki w Zakopanem","description":"","publisher":{"@id":"https:\/\/janulkowedomki.pl\/#organization"},"potentialAction":[{"@type":"SearchAction","target":{"@type":"EntryPoint","urlTemplate":"https:\/\/janulkowedomki.pl\/?s={search_term_string}"},"query-input":{"@type":"PropertyValueSpecification","valueRequired":true,"valueName":"search_term_string"}}],"inLanguage":"hu"},{"@type":"Organization","@id":"https:\/\/janulkowedomki.pl\/#organization","name":"Janulkowe Domki","url":"https:\/\/janulkowedomki.pl\/","logo":{"@type":"ImageObject","inLanguage":"hu","@id":"https:\/\/janulkowedomki.pl\/#\/schema\/logo\/image\/","url":"https:\/\/janulkowedomki.pl\/wp-content\/uploads\/2023\/02\/cropped-android-chrome-512x512-1-2.png","contentUrl":"https:\/\/janulkowedomki.pl\/wp-content\/uploads\/2023\/02\/cropped-android-chrome-512x512-1-2.png","width":512,"height":512,"caption":"Janulkowe Domki"},"image":{"@id":"https:\/\/janulkowedomki.pl\/#\/schema\/logo\/image\/"},"sameAs":["https:\/\/www.facebook.com\/profile.php?id=100052847351466","https:\/\/www.instagram.com\/janulkowedomki\/"]}]}},"jetpack_sharing_enabled":true,"_links":{"self":[{"href":"https:\/\/janulkowedomki.pl\/hu\/wp-json\/wp\/v2\/pages\/3438","targetHints":{"allow":["GET"]}}],"collection":[{"href":"https:\/\/janulkowedomki.pl\/hu\/wp-json\/wp\/v2\/pages"}],"about":[{"href":"https:\/\/janulkowedomki.pl\/hu\/wp-json\/wp\/v2\/types\/page"}],"author":[{"embeddable":true,"href":"https:\/\/janulkowedomki.pl\/hu\/wp-json\/wp\/v2\/users\/1"}],"replies":[{"embeddable":true,"href":"https:\/\/janulkowedomki.pl\/hu\/wp-json\/wp\/v2\/comments?post=3438"}],"version-history":[{"count":0,"href":"https:\/\/janulkowedomki.pl\/hu\/wp-json\/wp\/v2\/pages\/3438\/revisions"}],"wp:attachment":[{"href":"https:\/\/janulkowedomki.pl\/hu\/wp-json\/wp\/v2\/media?parent=3438"}],"curies":[{"name":"wp","href":"https:\/\/api.w.org\/{rel}","templated":true}]}}