{"id":3401,"date":"2016-06-14T07:12:28","date_gmt":"2016-06-14T05:12:28","guid":{"rendered":"https:\/\/janulkowedomki.pl\/oferta\/"},"modified":"2023-02-08T15:32:52","modified_gmt":"2023-02-08T14:32:52","slug":"nabidka","status":"publish","type":"page","link":"https:\/\/janulkowedomki.pl\/cs\/nabidka\/","title":{"rendered":"Nab\u00eddka"},"content":{"rendered":"<div class=\"wpb-content-wrapper\"><p>[vc_row rt_row_background_width=&#8220;fullwidth&#8220; rt_row_content_width=&#8220;default&#8220; rt_row_style=&#8220;default-style&#8220; rt_row_height=&#8220;min_height&#8220; rt_holder_placement=&#8220;middle&#8220; rt_column_placement=&#8220;bottom&#8220; rt_row_borders=&#8220;&#8220; rt_row_shadows=&#8220;&#8220; rt_column_gaps=&#8220;&#8220; rt_row_paddings=&#8220;true&#8220; rt_bg_effect=&#8220;classic&#8220; rt_transparent_bg=&#8220;&#8220; rt_bg_image_repeat=&#8220;repeat&#8220; rt_bg_size=&#8220;cover&#8220; rt_bg_position=&#8220;right top&#8220; rt_bg_attachment=&#8220;scroll&#8220; rt_bg_video_format=&#8220;self-hosted&#8220; full_height=&#8220;yes&#8220; rt_bg_color=&#8220;#f7f7f7&#8243; rt_min_row_height=&#8220;800&#8243;][vc_column width=&#8220;1\/2&#8243; rt_col_paddings=&#8220;true&#8220; rt_wrp_col_paddings=&#8220;true&#8220; rt_column_shadow=&#8220;&#8220; rt_border_top=&#8220;&#8220; rt_border_bottom=&#8220;&#8220; rt_border_left=&#8220;&#8220; rt_border_right=&#8220;&#8220; rt_border_top_mobile=&#8220;&#8220; rt_border_bottom_mobile=&#8220;&#8220; rt_border_left_mobile=&#8220;&#8220; rt_border_right_mobile=&#8220;&#8220; rt_bg_image_repeat=&#8220;repeat&#8220; rt_bg_size=&#8220;auto auto&#8220; rt_bg_position=&#8220;right top&#8220; rt_bg_attachment=&#8220;scroll&#8220; rt_bg_color=&#8220;&#8220; rt_bg_overlay_color=&#8220;&#8220; rt_padding_top=&#8220;20&#8243; rt_padding_bottom=&#8220;20&#8243;]<div class=\"rt_heading_wrapper no-style\">\n\t\t\t\t\t\t<h1 class=\"rt_heading  no-style\"  style=\"font-size:22px;line-height:18px;letter-spacing:4px;\">Chalupy k pron\u00e1jmu v Zakopan\u00e9<\/h1> \n\t\t\t\t\t<\/div>[vc_separator style=&#8220;style-2&#8243; margin_top=&#8220;0&#8243; margin_bottom=&#8220;60&#8243;]<div class=\"rt_heading_wrapper no-style\">\n\t\t\t\t\t\t<h2 class=\"rt_heading  no-style\"  style=\"font-size:16px;line-height:16px;letter-spacing:4px;\">P\u0158\u00cdZEM\u00cd<\/h2> \n\t\t\t\t\t<\/div>[vc_separator style=&#8220;style-2&#8243; margin_top=&#8220;0&#8243; margin_bottom=&#8220;60&#8243;]<div class=\"rt_heading_wrapper no-style\">\n\t\t\t\t\t\t<span class=\"rt_heading  primary-color secondary-font no-style\"  style=\"font-size:30px;line-height:40px;\">Ob\u00fdvac\u00ed pokoj, kuchy\u0148, koupelna, balkon<\/span> \n\t\t\t\t\t<\/div>[vc_empty_space][vc_column_text]<\/p>\n<div class=\"flex flex-grow flex-col gap-3\">\n<div class=\"min-h-[20px] flex flex-col items-start gap-4 whitespace-pre-wrap\">\n<div class=\"markdown prose w-full break-words dark:prose-invert light\">\n<p>Janulkowe Domki jsou komplex, ve kter\u00e9m ka\u017ed\u00fd z t\u0159\u00ed dome\u010dk\u016f je vybaven pohodln\u00fdmi a funk\u010dn\u00edmi interi\u00e9ry, navr\u017een\u00fdmi s ohledem na pot\u0159eby a po\u017eadavky host\u016f. V p\u0159\u00edzem\u00ed ka\u017ed\u00e9ho dome\u010dku se nach\u00e1z\u00ed prostorn\u00fd ob\u00fdvac\u00ed pokoj vybaven\u00fd pohodlnou rozkl\u00e1dac\u00ed pohovkou, modern\u00edm a inteligentn\u00edm LCD Smart TV 32&#8243; a velk\u00fdm d\u0159ev\u011bn\u00fdm stolem, kter\u00fd m\u016f\u017ee pojmout a\u017e 6 osob. V \u0161atn\u00e1ch se tak\u00e9 nach\u00e1zej\u00ed \u017eehlic\u00ed prkno, \u017eehli\u010dka, vysava\u010d, mop a de\u0161tn\u00edk.<\/p>\n<p>Kuchyn\u011b ka\u017ed\u00e9ho dome\u010dku je dob\u0159e vybavena a host\u016fm poskytuje v\u0161e, co je pot\u0159eba k p\u0159\u00edprav\u011b a pod\u00e1v\u00e1n\u00ed j\u00eddel. Sou\u010d\u00e1st\u00ed vybaven\u00ed je ledni\u010dka, induk\u010dn\u00ed plotna, varn\u00e1 konvice, toaster, mikrovlnn\u00e1 trouba a souprava n\u00e1dob\u00ed a hrnc\u016f.<\/p>\n<p>Stejn\u011b tak koupelna je pln\u011b vybavena, m\u00e1 sprchov\u00fd kout, umyvadlo, WC a pra\u010dku, co host\u016fm poskytuje pohodl\u00ed a komfort. V\u0161echno to zaji\u0161\u0165uje, \u017ee pobyt v Janulkowe Domki je pln\u011b komfortn\u00ed a umo\u017e\u0148uje relaxaci a odpo\u010dinek v horsk\u00e9m klimatu.<\/p>\n<p>Z ob\u00fdvac\u00edho pokoje lze p\u0159\u00edmo vyj\u00edt na balk\u00f3n, kter\u00fd je ide\u00e1ln\u00edm m\u00edstem pro relaxaci a odpo\u010dinek na \u010derstv\u00e9m vzduchu. Na balk\u00f3n\u011b se nach\u00e1z\u00ed komplet ratanov\u00fdch n\u00e1bytku, ve kter\u00e9m se d\u00e1 pohodln\u011b usednout a vychutnat si kr\u00e1sn\u00e9 v\u00fdhledy na dv\u016fr.<\/p>\n<\/div>\n<\/div>\n<\/div>\n<p>[\/vc_column_text][\/vc_column][vc_column width=&#8220;1\/2&#8243; rt_col_paddings=&#8220;true&#8220; rt_wrp_col_paddings=&#8220;false&#8220; rt_column_shadow=&#8220;&#8220; rt_border_top=&#8220;&#8220; rt_border_bottom=&#8220;&#8220; rt_border_left=&#8220;&#8220; rt_border_right=&#8220;&#8220; rt_border_top_mobile=&#8220;&#8220; rt_border_bottom_mobile=&#8220;&#8220; rt_border_left_mobile=&#8220;&#8220; rt_border_right_mobile=&#8220;&#8220; rt_bg_image_repeat=&#8220;repeat&#8220; rt_bg_size=&#8220;auto auto&#8220; rt_bg_position=&#8220;right top&#8220; rt_bg_attachment=&#8220;scroll&#8220;][vc_single_image image=&#8220;3215&#8243; img_size=&#8220;full&#8220;][\/vc_column][\/vc_row][vc_row rt_row_background_width=&#8220;fullwidth&#8220; rt_row_content_width=&#8220;fullwidth&#8220; rt_row_style=&#8220;default-style&#8220; rt_row_height=&#8220;&#8220; rt_row_borders=&#8220;&#8220; rt_row_shadows=&#8220;&#8220; rt_column_gaps=&#8220;&#8220; rt_row_paddings=&#8220;false&#8220; rt_bg_effect=&#8220;classic&#8220; rt_transparent_bg=&#8220;&#8220; rt_bg_image_repeat=&#8220;repeat&#8220; rt_bg_size=&#8220;cover&#8220; rt_bg_position=&#8220;right top&#8220; rt_bg_attachment=&#8220;scroll&#8220; rt_bg_video_format=&#8220;self-hosted&#8220;][vc_column rt_col_paddings=&#8220;false&#8220; rt_wrp_col_paddings=&#8220;true&#8220; rt_column_shadow=&#8220;&#8220; rt_border_top=&#8220;&#8220; rt_border_bottom=&#8220;&#8220; rt_border_left=&#8220;&#8220; rt_border_right=&#8220;&#8220; rt_border_top_mobile=&#8220;&#8220; rt_border_bottom_mobile=&#8220;&#8220; rt_border_left_mobile=&#8220;&#8220; rt_border_right_mobile=&#8220;&#8220; rt_bg_image_repeat=&#8220;repeat&#8220; rt_bg_size=&#8220;auto auto&#8220; rt_bg_position=&#8220;right top&#8220; rt_bg_attachment=&#8220;scroll&#8220; rt_bg_color=&#8220;&#8220; rt_bg_overlay_color=&#8220;&#8220;][vc_separator style=&#8220;style-4&#8243; margin_top=&#8220;40&#8243; margin_bottom=&#8220;40&#8243;][\/vc_column][\/vc_row][vc_row rt_row_background_width=&#8220;fullwidth&#8220; rt_row_content_width=&#8220;default&#8220; rt_row_style=&#8220;default-style&#8220; rt_row_height=&#8220;min_height&#8220; rt_holder_placement=&#8220;middle&#8220; rt_column_placement=&#8220;bottom&#8220; rt_row_borders=&#8220;&#8220; rt_row_shadows=&#8220;&#8220; rt_column_gaps=&#8220;&#8220; rt_row_paddings=&#8220;true&#8220; rt_bg_effect=&#8220;classic&#8220; rt_transparent_bg=&#8220;&#8220; rt_bg_image_repeat=&#8220;repeat&#8220; rt_bg_size=&#8220;cover&#8220; rt_bg_position=&#8220;right top&#8220; rt_bg_attachment=&#8220;scroll&#8220; rt_bg_video_format=&#8220;self-hosted&#8220; full_height=&#8220;yes&#8220; rt_bg_color=&#8220;#f7f7f7&#8243; rt_min_row_height=&#8220;800&#8243;][vc_column width=&#8220;1\/2&#8243; rt_col_paddings=&#8220;true&#8220; rt_wrp_col_paddings=&#8220;true&#8220; rt_column_shadow=&#8220;&#8220; rt_border_top=&#8220;&#8220; rt_border_bottom=&#8220;&#8220; rt_border_left=&#8220;&#8220; rt_border_right=&#8220;&#8220; rt_border_top_mobile=&#8220;&#8220; rt_border_bottom_mobile=&#8220;&#8220; rt_border_left_mobile=&#8220;&#8220; rt_border_right_mobile=&#8220;&#8220; rt_bg_image_repeat=&#8220;repeat&#8220; rt_bg_size=&#8220;auto auto&#8220; rt_bg_position=&#8220;right top&#8220; rt_bg_attachment=&#8220;scroll&#8220; rt_bg_color=&#8220;&#8220; rt_bg_overlay_color=&#8220;&#8220; rt_padding_top=&#8220;20&#8243; rt_padding_bottom=&#8220;20&#8243;][vc_single_image image=&#8220;3204&#8243; img_size=&#8220;full&#8220;][\/vc_column][vc_column width=&#8220;1\/2&#8243; rt_col_paddings=&#8220;true&#8220; rt_wrp_col_paddings=&#8220;false&#8220; rt_column_shadow=&#8220;&#8220; rt_border_top=&#8220;&#8220; rt_border_bottom=&#8220;&#8220; rt_border_left=&#8220;&#8220; rt_border_right=&#8220;&#8220; rt_border_top_mobile=&#8220;&#8220; rt_border_bottom_mobile=&#8220;&#8220; rt_border_left_mobile=&#8220;&#8220; rt_border_right_mobile=&#8220;&#8220; rt_bg_image_repeat=&#8220;repeat&#8220; rt_bg_size=&#8220;auto auto&#8220; rt_bg_position=&#8220;right top&#8220; rt_bg_attachment=&#8220;scroll&#8220;]<div class=\"rt_heading_wrapper no-style\">\n\t\t\t\t\t\t<h2 class=\"rt_heading  no-style\"  style=\"font-size:16px;line-height:16px;letter-spacing:4px;\">1. PATRO<\/h2> \n\t\t\t\t\t<\/div>[vc_separator style=&#8220;style-2&#8243; margin_top=&#8220;0&#8243; margin_bottom=&#8220;60&#8243;]<div class=\"rt_heading_wrapper no-style\">\n\t\t\t\t\t\t<span class=\"rt_heading  primary-color secondary-font no-style\"  style=\"font-size:30px;line-height:40px;\">Lo\u017enice, WC, balkony<\/span> \n\t\t\t\t\t<\/div>[vc_empty_space][vc_column_text]<\/p>\n<div class=\"flex flex-grow flex-col gap-3\">\n<div class=\"min-h-[20px] flex flex-col items-start gap-4 whitespace-pre-wrap\">\n<div class=\"markdown prose w-full break-words dark:prose-invert light\">V prvn\u00edm pat\u0159e se nach\u00e1zej\u00ed dv\u011b komfortn\u00ed lo\u017enice, kter\u00e9 poskytuj\u00ed host\u016fm soukrom\u00ed a pohodl\u00ed p\u0159i sp\u00e1nku. Prvn\u00ed lo\u017enice m\u00e1 pohodlnou man\u017eelskou postel o rozm\u011brech 160&#215;200 cm, co umo\u017e\u0148uje pohodln\u00e9 odpo\u010dinek a relaxaci. Nav\u00edc z lo\u017enice m\u016f\u017eete vyj\u00edt na balk\u00f3n sm\u011b\u0159uj\u00edc\u00ed do kr\u00e1sn\u00e9 zahrady. Druh\u00e1 lo\u017enice s dv\u011bma samostatn\u00fdmi l\u016f\u017eky o rozm\u011brech 120&#215;200 cm a 90&#215;200 cm poskytne pohodln\u00fd odpo\u010dinek pro maxim\u00e1ln\u011b t\u0159i osoby. Tato lo\u017enice tak\u00e9 disponuje balk\u00f3nem. Mezi lo\u017enicemi se nach\u00e1z\u00ed toaleta, co d\u00e1le zvy\u0161uje komfort a pohodl\u00ed pobytu v Janulkowe Domki<\/div>\n<\/div>\n<\/div>\n<p>[\/vc_column_text][\/vc_column][\/vc_row][vc_row rt_row_background_width=&#8220;fullwidth&#8220; rt_row_content_width=&#8220;fullwidth&#8220; rt_row_style=&#8220;default-style&#8220; rt_row_height=&#8220;&#8220; rt_row_borders=&#8220;&#8220; rt_row_shadows=&#8220;&#8220; rt_column_gaps=&#8220;&#8220; rt_row_paddings=&#8220;false&#8220; rt_bg_effect=&#8220;classic&#8220; rt_transparent_bg=&#8220;&#8220; rt_bg_image_repeat=&#8220;repeat&#8220; rt_bg_size=&#8220;cover&#8220; rt_bg_position=&#8220;right top&#8220; rt_bg_attachment=&#8220;scroll&#8220; rt_bg_video_format=&#8220;self-hosted&#8220;][vc_column rt_col_paddings=&#8220;false&#8220; rt_wrp_col_paddings=&#8220;true&#8220; rt_column_shadow=&#8220;&#8220; rt_border_top=&#8220;&#8220; rt_border_bottom=&#8220;&#8220; rt_border_left=&#8220;&#8220; rt_border_right=&#8220;&#8220; rt_border_top_mobile=&#8220;&#8220; rt_border_bottom_mobile=&#8220;&#8220; rt_border_left_mobile=&#8220;&#8220; rt_border_right_mobile=&#8220;&#8220; rt_bg_image_repeat=&#8220;repeat&#8220; rt_bg_size=&#8220;auto auto&#8220; rt_bg_position=&#8220;right top&#8220; rt_bg_attachment=&#8220;scroll&#8220; rt_bg_color=&#8220;&#8220; rt_bg_overlay_color=&#8220;&#8220;][vc_separator style=&#8220;style-4&#8243; margin_top=&#8220;40&#8243; margin_bottom=&#8220;40&#8243;][\/vc_column][\/vc_row][vc_row rt_row_background_width=&#8220;fullwidth&#8220; rt_row_content_width=&#8220;default&#8220; rt_row_style=&#8220;default-style&#8220; rt_row_height=&#8220;min_height&#8220; rt_holder_placement=&#8220;middle&#8220; rt_column_placement=&#8220;bottom&#8220; rt_row_borders=&#8220;&#8220; rt_row_shadows=&#8220;&#8220; rt_column_gaps=&#8220;&#8220; rt_row_paddings=&#8220;true&#8220; rt_bg_effect=&#8220;classic&#8220; rt_transparent_bg=&#8220;&#8220; rt_bg_image_repeat=&#8220;repeat&#8220; rt_bg_size=&#8220;cover&#8220; rt_bg_position=&#8220;right top&#8220; rt_bg_attachment=&#8220;scroll&#8220; rt_bg_video_format=&#8220;self-hosted&#8220; full_height=&#8220;yes&#8220; rt_bg_color=&#8220;#f7f7f7&#8243; rt_min_row_height=&#8220;800&#8243;][vc_column width=&#8220;1\/2&#8243; rt_col_paddings=&#8220;true&#8220; rt_wrp_col_paddings=&#8220;true&#8220; rt_column_shadow=&#8220;&#8220; rt_border_top=&#8220;&#8220; rt_border_bottom=&#8220;&#8220; rt_border_left=&#8220;&#8220; rt_border_right=&#8220;&#8220; rt_border_top_mobile=&#8220;&#8220; rt_border_bottom_mobile=&#8220;&#8220; rt_border_left_mobile=&#8220;&#8220; rt_border_right_mobile=&#8220;&#8220; rt_bg_image_repeat=&#8220;repeat&#8220; rt_bg_size=&#8220;auto auto&#8220; rt_bg_position=&#8220;right top&#8220; rt_bg_attachment=&#8220;scroll&#8220; rt_bg_color=&#8220;&#8220; rt_bg_overlay_color=&#8220;&#8220; rt_padding_top=&#8220;20&#8243; rt_padding_bottom=&#8220;20&#8243;]<div class=\"rt_heading_wrapper no-style\">\n\t\t\t\t\t\t<h2 class=\"rt_heading  no-style\"  style=\"font-size:16px;line-height:16px;letter-spacing:4px;\">ZAHRADA<\/h2> \n\t\t\t\t\t<\/div>[vc_separator style=&#8220;style-2&#8243; margin_top=&#8220;0&#8243; margin_bottom=&#8220;60&#8243;]<div class=\"rt_heading_wrapper no-style\">\n\t\t\t\t\t\t<span class=\"rt_heading  primary-color secondary-font no-style\"  style=\"font-size:30px;line-height:40px;\">Baz\u00e9n, houpa\u010dka, trampol\u00edna, gril<\/span> \n\t\t\t\t\t<\/div>[vc_empty_space][vc_column_text]<\/p>\n<div class=\"flex flex-grow flex-col gap-3\">\n<div class=\"min-h-[20px] flex flex-col items-start gap-4 whitespace-pre-wrap\">\n<div class=\"markdown prose w-full break-words dark:prose-invert light\">V zahrad\u011b se nach\u00e1zej\u00ed m\u00edsta k grilov\u00e1n\u00ed a odpo\u010dinku, jako jsou houpa\u010dka, hamak, d\u011btsk\u00fd domek, trampol\u00edna a hlavn\u011b sez\u00f3nn\u00ed baz\u00e9n o d\u00e9lce a\u017e 6 metr\u016f, ve kter\u00e9m se m\u016f\u017eete koupat v tepl\u00e9 vod\u011b (28-30\u00b0C). V hork\u00fdch dnech m\u016f\u017eete tr\u00e1vit \u010das na \u010derstv\u00e9m vzduchu, \u010dtouc\u00ed svou obl\u00edbenou knihu nebo se kochat panoramatick\u00fdmi v\u00fdhledy na okoln\u00ed Tatra. Zahrada je m\u00edstem, kde se m\u016f\u017eete uvolnit a poc\u00edtit jednotu s p\u0159\u00edrodou.<\/div>\n<\/div>\n<\/div>\n<p>[\/vc_column_text][\/vc_column][vc_column width=&#8220;1\/2&#8243; rt_col_paddings=&#8220;true&#8220; rt_wrp_col_paddings=&#8220;false&#8220; rt_column_shadow=&#8220;&#8220; rt_border_top=&#8220;&#8220; rt_border_bottom=&#8220;&#8220; rt_border_left=&#8220;&#8220; rt_border_right=&#8220;&#8220; rt_border_top_mobile=&#8220;&#8220; rt_border_bottom_mobile=&#8220;&#8220; rt_border_left_mobile=&#8220;&#8220; rt_border_right_mobile=&#8220;&#8220; rt_bg_image_repeat=&#8220;repeat&#8220; rt_bg_size=&#8220;auto auto&#8220; rt_bg_position=&#8220;right top&#8220; rt_bg_attachment=&#8220;scroll&#8220;][vc_single_image image=&#8220;3299&#8243; img_size=&#8220;full&#8220;][\/vc_column][\/vc_row]<\/p>\n<\/div>","protected":false},"excerpt":{"rendered":"<p>[vc_row rt_row_background_width=&#8220;fullwidth&#8220; rt_row_content_width=&#8220;default&#8220; rt_row_style=&#8220;default-style&#8220; rt_row_height=&#8220;min_height&#8220; rt_holder_placement=&#8220;middle&#8220; rt_column_placement=&#8220;bottom&#8220; rt_row_borders=&#8220;&#8220; rt_row_shadows=&#8220;&#8220; rt_column_gaps=&#8220;&#8220; rt_row_paddings=&#8220;true&#8220; rt_bg_effect=&#8220;classic&#8220; rt_transparent_bg=&#8220;&#8220; rt_bg_image_repeat=&#8220;repeat&#8220; rt_bg_size=&#8220;cover&#8220; rt_bg_position=&#8220;right top&#8220; rt_bg_attachment=&#8220;scroll&#8220; rt_bg_video_format=&#8220;self-hosted&#8220; full_height=&#8220;yes&#8220; rt_bg_color=&#8220;#f7f7f7&#8243; rt_min_row_height=&#8220;800&#8243;][vc_column width=&#8220;1\/2&#8243; rt_col_paddings=&#8220;true&#8220; rt_wrp_col_paddings=&#8220;true&#8220; rt_column_shadow=&#8220;&#8220; rt_border_top=&#8220;&#8220; rt_border_bottom=&#8220;&#8220; rt_border_left=&#8220;&#8220; rt_border_right=&#8220;&#8220; rt_border_top_mobile=&#8220;&#8220; rt_border_bottom_mobile=&#8220;&#8220; rt_border_left_mobile=&#8220;&#8220; rt_border_right_mobile=&#8220;&#8220; rt_bg_image_repeat=&#8220;repeat&#8220; rt_bg_size=&#8220;auto auto&#8220; rt_bg_position=&#8220;right top&#8220; rt_bg_attachment=&#8220;scroll&#8220; rt_bg_color=&#8220;&#8220; rt_bg_overlay_color=&#8220;&#8220; rt_padding_top=&#8220;20&#8243; rt_padding_bottom=&#8220;20&#8243;][vc_separator style=&#8220;style-2&#8243; margin_top=&#8220;0&#8243; margin_bottom=&#8220;60&#8243;][vc_separator style=&#8220;style-2&#8243; margin_top=&#8220;0&#8243; margin_bottom=&#8220;60&#8243;][vc_empty_space][vc_column_text] Janulkowe Domki jsou komplex, ve &#8230; <a class=\"more-link\" href=\"https:\/\/janulkowedomki.pl\/cs\/nabidka\/\">Continue reading<\/a><\/p>\n","protected":false},"author":1,"featured_media":0,"parent":0,"menu_order":0,"comment_status":"closed","ping_status":"closed","template":"","meta":{"footnotes":""},"class_list":["post-3401","page","type-page","status-publish","hentry"],"yoast_head":"<!-- This site is optimized with the Yoast SEO plugin v27.1.1 - https:\/\/yoast.com\/product\/yoast-seo-wordpress\/ -->\n<title>Nab\u00eddka - Chalupy k pron\u00e1jmu v Zakopan\u00e9 rezervace p\u0159es internet<\/title>\n<meta name=\"description\" content=\"Dovolen\u00e1 v pronajat\u00e9 chalup\u011b v Zakopan\u00e9m, Online rezervace Zakopansk\u00e9 chalupy, Kontrola voln\u00fdch term\u00edn\u016f. book online\" \/>\n<meta name=\"robots\" content=\"index, follow, max-snippet:-1, max-image-preview:large, max-video-preview:-1\" \/>\n<link rel=\"canonical\" href=\"https:\/\/janulkowedomki.pl\/cs\/nabidka\/\" \/>\n<meta property=\"og:locale\" content=\"cs_CZ\" \/>\n<meta property=\"og:type\" content=\"article\" \/>\n<meta property=\"og:title\" content=\"Nab\u00eddka - Chalupy k pron\u00e1jmu v Zakopan\u00e9 rezervace p\u0159es internet\" \/>\n<meta property=\"og:description\" content=\"Dovolen\u00e1 v pronajat\u00e9 chalup\u011b v Zakopan\u00e9m, Online rezervace Zakopansk\u00e9 chalupy, Kontrola voln\u00fdch term\u00edn\u016f. book online\" \/>\n<meta property=\"og:url\" content=\"https:\/\/janulkowedomki.pl\/cs\/nabidka\/\" \/>\n<meta property=\"og:site_name\" content=\"Janulkowe Domki - Zakopane g\u00f3ralskie domki z bali\" \/>\n<meta property=\"article:publisher\" content=\"https:\/\/www.facebook.com\/profile.php?id=100052847351466\" \/>\n<meta property=\"article:modified_time\" content=\"2023-02-08T14:32:52+00:00\" \/>\n<meta property=\"og:image\" content=\"https:\/\/i0.wp.com\/janulkowedomki.pl\/wp-content\/uploads\/2023\/04\/IMG_20230423_140131-scaled.jpg?fit=1920%2C1385&ssl=1\" \/>\n\t<meta property=\"og:image:width\" content=\"1920\" \/>\n\t<meta property=\"og:image:height\" content=\"1385\" \/>\n\t<meta property=\"og:image:type\" content=\"image\/jpeg\" \/>\n<meta name=\"twitter:card\" content=\"summary_large_image\" \/>\n<meta name=\"twitter:label1\" content=\"Odhadovan\u00e1 doba \u010dten\u00ed\" \/>\n\t<meta name=\"twitter:data1\" content=\"5 minut\" \/>\n<script type=\"application\/ld+json\" class=\"yoast-schema-graph\">{\"@context\":\"https:\/\/schema.org\",\"@graph\":[{\"@type\":\"WebPage\",\"@id\":\"https:\/\/janulkowedomki.pl\/cs\/nabidka\/\",\"url\":\"https:\/\/janulkowedomki.pl\/cs\/nabidka\/\",\"name\":\"Nab\u00eddka - Chalupy k pron\u00e1jmu v Zakopan\u00e9 rezervace p\u0159es internet\",\"isPartOf\":{\"@id\":\"https:\/\/janulkowedomki.pl\/#website\"},\"datePublished\":\"2016-06-14T05:12:28+00:00\",\"dateModified\":\"2023-02-08T14:32:52+00:00\",\"description\":\"Dovolen\u00e1 v pronajat\u00e9 chalup\u011b v Zakopan\u00e9m, Online rezervace Zakopansk\u00e9 chalupy, Kontrola voln\u00fdch term\u00edn\u016f. book online\",\"breadcrumb\":{\"@id\":\"https:\/\/janulkowedomki.pl\/cs\/nabidka\/#breadcrumb\"},\"inLanguage\":\"cs\",\"potentialAction\":[{\"@type\":\"ReadAction\",\"target\":[\"https:\/\/janulkowedomki.pl\/cs\/nabidka\/\"]}]},{\"@type\":\"BreadcrumbList\",\"@id\":\"https:\/\/janulkowedomki.pl\/cs\/nabidka\/#breadcrumb\",\"itemListElement\":[{\"@type\":\"ListItem\",\"position\":1,\"name\":\"Home\",\"item\":\"https:\/\/janulkowedomki.pl\/cs\/\"},{\"@type\":\"ListItem\",\"position\":2,\"name\":\"Nab\u00eddka\"}]},{\"@type\":\"WebSite\",\"@id\":\"https:\/\/janulkowedomki.pl\/#website\",\"url\":\"https:\/\/janulkowedomki.pl\/\",\"name\":\"Janulkowe Domki Zakopane - G\u00f3ralskie domki w Zakopanem\",\"description\":\"\",\"publisher\":{\"@id\":\"https:\/\/janulkowedomki.pl\/#organization\"},\"potentialAction\":[{\"@type\":\"SearchAction\",\"target\":{\"@type\":\"EntryPoint\",\"urlTemplate\":\"https:\/\/janulkowedomki.pl\/?s={search_term_string}\"},\"query-input\":{\"@type\":\"PropertyValueSpecification\",\"valueRequired\":true,\"valueName\":\"search_term_string\"}}],\"inLanguage\":\"cs\"},{\"@type\":\"Organization\",\"@id\":\"https:\/\/janulkowedomki.pl\/#organization\",\"name\":\"Janulkowe Domki\",\"url\":\"https:\/\/janulkowedomki.pl\/\",\"logo\":{\"@type\":\"ImageObject\",\"inLanguage\":\"cs\",\"@id\":\"https:\/\/janulkowedomki.pl\/#\/schema\/logo\/image\/\",\"url\":\"https:\/\/janulkowedomki.pl\/wp-content\/uploads\/2023\/02\/cropped-android-chrome-512x512-1-2.png\",\"contentUrl\":\"https:\/\/janulkowedomki.pl\/wp-content\/uploads\/2023\/02\/cropped-android-chrome-512x512-1-2.png\",\"width\":512,\"height\":512,\"caption\":\"Janulkowe Domki\"},\"image\":{\"@id\":\"https:\/\/janulkowedomki.pl\/#\/schema\/logo\/image\/\"},\"sameAs\":[\"https:\/\/www.facebook.com\/profile.php?id=100052847351466\",\"https:\/\/www.instagram.com\/janulkowedomki\/\"]}]}<\/script>\n<!-- \/ Yoast SEO plugin. -->","yoast_head_json":{"title":"Nab\u00eddka - Chalupy k pron\u00e1jmu v Zakopan\u00e9 rezervace p\u0159es internet","description":"Dovolen\u00e1 v pronajat\u00e9 chalup\u011b v Zakopan\u00e9m, Online rezervace Zakopansk\u00e9 chalupy, Kontrola voln\u00fdch term\u00edn\u016f. book online","robots":{"index":"index","follow":"follow","max-snippet":"max-snippet:-1","max-image-preview":"max-image-preview:large","max-video-preview":"max-video-preview:-1"},"canonical":"https:\/\/janulkowedomki.pl\/cs\/nabidka\/","og_locale":"cs_CZ","og_type":"article","og_title":"Nab\u00eddka - Chalupy k pron\u00e1jmu v Zakopan\u00e9 rezervace p\u0159es internet","og_description":"Dovolen\u00e1 v pronajat\u00e9 chalup\u011b v Zakopan\u00e9m, Online rezervace Zakopansk\u00e9 chalupy, Kontrola voln\u00fdch term\u00edn\u016f. book online","og_url":"https:\/\/janulkowedomki.pl\/cs\/nabidka\/","og_site_name":"Janulkowe Domki - Zakopane g\u00f3ralskie domki z bali","article_publisher":"https:\/\/www.facebook.com\/profile.php?id=100052847351466","article_modified_time":"2023-02-08T14:32:52+00:00","og_image":[{"width":1920,"height":1385,"url":"https:\/\/i0.wp.com\/janulkowedomki.pl\/wp-content\/uploads\/2023\/04\/IMG_20230423_140131-scaled.jpg?fit=1920%2C1385&ssl=1","type":"image\/jpeg"}],"twitter_card":"summary_large_image","twitter_misc":{"Odhadovan\u00e1 doba \u010dten\u00ed":"5 minut"},"schema":{"@context":"https:\/\/schema.org","@graph":[{"@type":"WebPage","@id":"https:\/\/janulkowedomki.pl\/cs\/nabidka\/","url":"https:\/\/janulkowedomki.pl\/cs\/nabidka\/","name":"Nab\u00eddka - Chalupy k pron\u00e1jmu v Zakopan\u00e9 rezervace p\u0159es internet","isPartOf":{"@id":"https:\/\/janulkowedomki.pl\/#website"},"datePublished":"2016-06-14T05:12:28+00:00","dateModified":"2023-02-08T14:32:52+00:00","description":"Dovolen\u00e1 v pronajat\u00e9 chalup\u011b v Zakopan\u00e9m, Online rezervace Zakopansk\u00e9 chalupy, Kontrola voln\u00fdch term\u00edn\u016f. book online","breadcrumb":{"@id":"https:\/\/janulkowedomki.pl\/cs\/nabidka\/#breadcrumb"},"inLanguage":"cs","potentialAction":[{"@type":"ReadAction","target":["https:\/\/janulkowedomki.pl\/cs\/nabidka\/"]}]},{"@type":"BreadcrumbList","@id":"https:\/\/janulkowedomki.pl\/cs\/nabidka\/#breadcrumb","itemListElement":[{"@type":"ListItem","position":1,"name":"Home","item":"https:\/\/janulkowedomki.pl\/cs\/"},{"@type":"ListItem","position":2,"name":"Nab\u00eddka"}]},{"@type":"WebSite","@id":"https:\/\/janulkowedomki.pl\/#website","url":"https:\/\/janulkowedomki.pl\/","name":"Janulkowe Domki Zakopane - G\u00f3ralskie domki w Zakopanem","description":"","publisher":{"@id":"https:\/\/janulkowedomki.pl\/#organization"},"potentialAction":[{"@type":"SearchAction","target":{"@type":"EntryPoint","urlTemplate":"https:\/\/janulkowedomki.pl\/?s={search_term_string}"},"query-input":{"@type":"PropertyValueSpecification","valueRequired":true,"valueName":"search_term_string"}}],"inLanguage":"cs"},{"@type":"Organization","@id":"https:\/\/janulkowedomki.pl\/#organization","name":"Janulkowe Domki","url":"https:\/\/janulkowedomki.pl\/","logo":{"@type":"ImageObject","inLanguage":"cs","@id":"https:\/\/janulkowedomki.pl\/#\/schema\/logo\/image\/","url":"https:\/\/janulkowedomki.pl\/wp-content\/uploads\/2023\/02\/cropped-android-chrome-512x512-1-2.png","contentUrl":"https:\/\/janulkowedomki.pl\/wp-content\/uploads\/2023\/02\/cropped-android-chrome-512x512-1-2.png","width":512,"height":512,"caption":"Janulkowe Domki"},"image":{"@id":"https:\/\/janulkowedomki.pl\/#\/schema\/logo\/image\/"},"sameAs":["https:\/\/www.facebook.com\/profile.php?id=100052847351466","https:\/\/www.instagram.com\/janulkowedomki\/"]}]}},"jetpack_sharing_enabled":true,"_links":{"self":[{"href":"https:\/\/janulkowedomki.pl\/cs\/wp-json\/wp\/v2\/pages\/3401","targetHints":{"allow":["GET"]}}],"collection":[{"href":"https:\/\/janulkowedomki.pl\/cs\/wp-json\/wp\/v2\/pages"}],"about":[{"href":"https:\/\/janulkowedomki.pl\/cs\/wp-json\/wp\/v2\/types\/page"}],"author":[{"embeddable":true,"href":"https:\/\/janulkowedomki.pl\/cs\/wp-json\/wp\/v2\/users\/1"}],"replies":[{"embeddable":true,"href":"https:\/\/janulkowedomki.pl\/cs\/wp-json\/wp\/v2\/comments?post=3401"}],"version-history":[{"count":0,"href":"https:\/\/janulkowedomki.pl\/cs\/wp-json\/wp\/v2\/pages\/3401\/revisions"}],"wp:attachment":[{"href":"https:\/\/janulkowedomki.pl\/cs\/wp-json\/wp\/v2\/media?parent=3401"}],"curies":[{"name":"wp","href":"https:\/\/api.w.org\/{rel}","templated":true}]}}